{"id":1000,"date":"2017-03-22T18:02:09","date_gmt":"2017-03-22T17:02:09","guid":{"rendered":"https:\/\/www.riojawine.shop\/?page_id=1335"},"modified":"2017-03-22T18:02:09","modified_gmt":"2017-03-22T17:02:09","slug":"aviso-legal","status":"publish","type":"page","link":"https:\/\/www.riojawine.shop\/de\/aviso-legal\/","title":{"rendered":"Aviso legal"},"content":{"rendered":"<p>RIOJA-TUR S.L., titular de este sitio web, en cumplimiento del art\u00edculo 10 de la Ley 34\/2002, de 11 de julio, de Servicios de la Sociedad de la Informaci\u00f3n y Comercio Electr\u00f3nico, crea el siguiente aviso legal.<\/p>\n<p>La navegaci\u00f3n por este sitio web se sujetar\u00e1 a las condiciones recogidas en el presente \u201cAviso legal\u201d, las cuales podr\u00e1n ser actualizadas peri\u00f3dicamente y sin previo aviso.<\/p>\n<p>La navegaci\u00f3n por el sitio web implica la perfecta comprensi\u00f3n y la expresa aceptaci\u00f3n de las mencionadas condiciones por parte del usuario.<\/p>\n<p><strong>Actualizaci\u00f3n y modificaci\u00f3n de la p\u00e1gina web:<\/strong><\/p>\n<p>RIOJA-TUR S.L. se reserva el derecho a modificar o eliminar, sin previo aviso, tanto la informaci\u00f3n contenida en su sitio web como su configuraci\u00f3n y presentaci\u00f3n, sin asumir responsabilidad alguna por ello.<\/p>\n<p>Informaci\u00f3n general:<\/p>\n<p>Denominaci\u00f3n social: RIOJA-TUR S.L.<br \/>\nDomicilio social: Calle Carmen 15 \u00b7 N\u00e1jera\u00a026300 \u00b7 La Rioja \u00b7 Espa\u00f1a<br \/>\nSociedad inscrita en el Registro Mercantil de La Rioja, Tomo 342, Folio 5, Hoja N\u00ba LO 12772, LO3449<br \/>\nCIF: B26067330<br \/>\nEmail: info@riojawine.shop<\/p>\n<p><strong>Propiedad Intelectual:<\/strong><\/p>\n<p>Los contenidos de este sitio web, textos, im\u00e1genes, sonidos, animaciones, etc. as\u00ed como su dise\u00f1o gr\u00e1fico y su c\u00f3digo fuente est\u00e1n protegidos por la legislaci\u00f3n espa\u00f1ola sobre los derechos de propiedad intelectual e industrial a favor de RIOJA-TUR S.L.<\/p>\n<p>Queda por tanto expresamente prohibida su reproducci\u00f3n, distribuci\u00f3n o comunicaci\u00f3n p\u00fablica, total o parcial, sin la autorizaci\u00f3n expresa, y por escrito, de RIOJA-TUR S.L.<\/p>\n<p><strong>Contenido de la web y enlaces:<\/strong><\/p>\n<p>RIOJA-TUR S.L. no ser\u00e1 responsable de los da\u00f1os o perjuicios que pudieran derivarse de la utilizaci\u00f3n de los contenidos por parte de los usuarios o de la infracci\u00f3n por parte de \u00e9stos de cualquier disposici\u00f3n legal vigente.<\/p>\n<p>Tampoco asumimos ninguna responsabilidad por la informaci\u00f3n contenida en las p\u00e1ginas web de terceros a las que se pueda acceder por enlaces o buscadores desde este sitio web.<\/p>\n<p><strong>Indicaciones sobre aspectos t\u00e9cnicos:<\/strong><\/p>\n<p>RIOJA-TUR S.L. no asume ninguna responsabilidad que se pueda derivar de problemas t\u00e9cnicos o fallos en los equipos inform\u00e1ticos que se produzcan durante la conexi\u00f3n a la red de Internet, as\u00ed como de da\u00f1os que pudieran ser causados por terceras personas mediante intromisiones ileg\u00edtimas fuera del control de RIOJA-TUR S.L.<\/p>\n<p>Tambi\u00e9n quedamos exonerados de toda responsabilidad ante posibles da\u00f1os o perjuicios que pueda sufrir el usuario a consecuencia de errores, defectos u omisiones en la informaci\u00f3n que facilitemos cuando proceda de fuentes ajenas a nosotros.<\/p>\n<p>Este comerciante se compromete a no permitir ninguna transacci\u00f3n que sea ilegal, o se considere por las marcas de tarjetas de cr\u00e9dito o el banco adquiriente, que pueda o tenga el potencial de da\u00f1ar la buena voluntad de los mismos o influir de manera negativa en ellos. Las siguientes actividades est\u00e1n prohibidas en virtud de los programas de las marcas de tarjetas: la venta u oferta de un producto o servicio que no sea de plena conformidad con todas las leyes aplicables al Comprador, Banco Emisor, Comerciante, Titular de la tarjeta, o tarjetas.<\/p>\n<p>Se proh\u00edbe la venta de bebidas alcoh\u00f3licas a menores de 18 a\u00f1os.<\/p>\n<p>&nbsp;<\/p>","protected":false},"excerpt":{"rendered":"<p>RIOJA-TUR S.L., titular de este sitio web, en cumplimiento del [&hellip;]<\/p>\n","protected":false},"author":1,"featured_media":0,"parent":0,"menu_order":1000,"comment_status":"closed","ping_status":"closed","template":"page-fullwidth.php","meta":{"_lmt_disableupdate":"","_lmt_disable":"","footnotes":""},"class_list":["post-1000","page","type-page","status-publish","hentry"],"_links":{"self":[{"href":"https:\/\/www.riojawine.shop\/de\/wp-json\/wp\/v2\/pages\/1000","targetHints":{"allow":["GET"]}}],"collection":[{"href":"https:\/\/www.riojawine.shop\/de\/wp-json\/wp\/v2\/pages"}],"about":[{"href":"https:\/\/www.riojawine.shop\/de\/wp-json\/wp\/v2\/types\/page"}],"author":[{"embeddable":true,"href":"https:\/\/www.riojawine.shop\/de\/wp-json\/wp\/v2\/users\/1"}],"replies":[{"embeddable":true,"href":"https:\/\/www.riojawine.shop\/de\/wp-json\/wp\/v2\/comments?post=1000"}],"version-history":[{"count":0,"href":"https:\/\/www.riojawine.shop\/de\/wp-json\/wp\/v2\/pages\/1000\/revisions"}],"wp:attachment":[{"href":"https:\/\/www.riojawine.shop\/de\/wp-json\/wp\/v2\/media?parent=1000"}],"curies":[{"name":"wp","href":"https:\/\/api.w.org\/{rel}","templated":true}]}}