{"id":1004,"date":"2017-03-23T17:22:32","date_gmt":"2017-03-23T16:22:32","guid":{"rendered":"https:\/\/www.riojawine.shop\/?page_id=1347"},"modified":"2017-03-23T17:22:32","modified_gmt":"2017-03-23T16:22:32","slug":"sobre-rioja-wine","status":"publish","type":"page","link":"https:\/\/www.riojawine.shop\/de\/sobre-rioja-wine\/","title":{"rendered":"Sobre Rioja Wine"},"content":{"rendered":"<div id=\"pl-1347\"  class=\"panel-layout\" >\n<div id=\"pg-1347-0\"  class=\"panel-grid panel-has-style\"  data-style=\"{&quot;id&quot;:&quot;quienes-somos-banner&quot;,&quot;background&quot;:&quot;#bababa&quot;,&quot;background_image_attachment&quot;:&quot;1357&quot;,&quot;background_display&quot;:&quot;cover&quot;,&quot;row_stretch&quot;:&quot;full-stretched&quot;}\" >\n<div class=\"siteorigin-panels-stretch panel-row-style panel-row-style-for-1347-0\" id=\"quienes-somos-banner\" data-stretch-type=\"full-stretched\" >\n<div id=\"pgc-1347-0-0\"  class=\"panel-grid-cell\"  data-weight=\"1\" >\n<div id=\"panel-1347-0-0-0\" class=\"so-panel widget widget_text panel-first-child panel-last-child\" data-index=\"0\" data-style=\"{&quot;class&quot;:&quot;texto&quot;,&quot;background_display&quot;:&quot;tile&quot;}\" >\n<div class=\"texto panel-widget-style panel-widget-style-for-1347-0-0-0\" >\n<div class=\"textwidget\">Sobre Rioja Wine<\/br><br \/>\nla tienda online de vino<\/div>\n<\/p><\/div>\n<\/div>\n<\/div>\n<\/div>\n<\/div>\n<div id=\"pg-1347-1\"  class=\"panel-grid panel-has-style\"  data-style=\"{&quot;id&quot;:&quot;quienes-somos&quot;,&quot;background_display&quot;:&quot;tile&quot;}\" >\n<div id=\"quienes-somos\" class=\"panel-row-style panel-row-style-for-1347-1\" >\n<div id=\"pgc-1347-1-0\"  class=\"panel-grid-cell\"  data-weight=\"1\" >\n<div id=\"panel-1347-1-0-0\" class=\"so-panel widget widget_text panel-first-child panel-last-child\" data-index=\"1\" data-style=\"{&quot;class&quot;:&quot;texto&quot;,&quot;background_display&quot;:&quot;tile&quot;}\" >\n<div class=\"texto panel-widget-style panel-widget-style-for-1347-1-0-0\" >\n<h3 class=\"widget-title\">Rioja Wine, la tienda online de vino<\/h3>\n<div class=\"textwidget\">\n<p>Rioja Wine es una empresa fundada en 1987 en una peque\u00f1a <strong>tienda de vinos<\/strong> en al casco antiguo de <a href=\"https:\/\/lariojaturismo.com\/comunidad\/larioja\/recurso\/najera\/97ce7df3-b9c9-4a50-8891-5350011749c8\" target=\"_blank\" rel=\"noopener\">N\u00e1jera (La Rioja)<\/a>, en pleno centro de La Rioja Alta, y junto al Monasterio de Santa Mar\u00eda La Real. Se trata de una zona de viticultores y peque\u00f1as bodegas familiares, pero nuestra tienda online de vino es mucho m\u00e1s que eso. Si quieres descubrir todo sobre Rioja Wine sigue leyendo.<\/p>\n<h2>Sobre Rioja Wine, comprar vino online al mejor precio es posible<\/h2>\n<p>Los comienzos fueron con una peque\u00f1a <a href=\"http:\/\/tuhistoria.es\/\" target=\"_blank\" rel=\"noopener\">colecci\u00f3n de vinos heredada<\/a>. Por aquella \u00e9poca nuestro principal cliente era la <a href=\"http:\/\/www.christies.com\/features\/welcome\/spanish\/overview.aspx\" target=\"_blank\" rel=\"noopener\">Casa Christie&#8217;s<\/a> de Londres, con quienes nos unieron unos buenos lazos comerciales, consiguiendo subastar buenos e importantes vinos. <\/p>\n<p>Posteriormente  y dada la dificultad para encontrar vinos de calidad antiguos, centramos todos nuestros esfuerzos en la adquisici\u00f3n y conservaci\u00f3n de los pocos vinos que hab\u00eda en el mercado y que pod\u00edamos conseguir. Todo ello con el mismo nivel de exigencia que merecen nuestros clientes.<\/p>\n<p>A d\u00eda de hoy podemos estar orgullosos de nuestra <a href=\"https:\/\/www.riojawine.shop\/de\/comprar-vino-online\/\" target=\"_blank\" rel=\"noopener\">tienda online de vino<\/a> pues tenemos una <strong>variedad y calidad en vinos<\/strong> digna de los paladares m\u00e1s exigentes. <\/p>\n<p>Que mejor regalo para un familiar, amigo o compa\u00f1ero de trabajo que una botella de su a\u00f1o de nacimiento o de cualquier otro a\u00f1o con un evento digno de celebrar.<\/p>\n<p>Pues como dijera Don Gonzalo de Berceo, \u201cquiero hacer un poema en lengua clara, en la que el pueblo suele hablar a su vecino, pues no soy tan letrado como para hacer otro poema (en lat\u00edn), esto bien valdr\u00e1 seg\u00fan creo, un vaso de buen vino\u201d.<\/p>\n<\/div><\/div>\n<\/div>\n<\/div>\n<\/div>\n<\/div>\n<\/div>","protected":false},"excerpt":{"rendered":"<p>Sobre Rioja Wine la tienda online de vino Rioja Wine, [&hellip;]<\/p>\n","protected":false},"author":1,"featured_media":0,"parent":0,"menu_order":20,"comment_status":"closed","ping_status":"closed","template":"page-fullwidth.php","meta":{"_lmt_disableupdate":"","_lmt_disable":"","footnotes":""},"class_list":["post-1004","page","type-page","status-publish","hentry"],"_links":{"self":[{"href":"https:\/\/www.riojawine.shop\/de\/wp-json\/wp\/v2\/pages\/1004","targetHints":{"allow":["GET"]}}],"collection":[{"href":"https:\/\/www.riojawine.shop\/de\/wp-json\/wp\/v2\/pages"}],"about":[{"href":"https:\/\/www.riojawine.shop\/de\/wp-json\/wp\/v2\/types\/page"}],"author":[{"embeddable":true,"href":"https:\/\/www.riojawine.shop\/de\/wp-json\/wp\/v2\/users\/1"}],"replies":[{"embeddable":true,"href":"https:\/\/www.riojawine.shop\/de\/wp-json\/wp\/v2\/comments?post=1004"}],"version-history":[{"count":0,"href":"https:\/\/www.riojawine.shop\/de\/wp-json\/wp\/v2\/pages\/1004\/revisions"}],"wp:attachment":[{"href":"https:\/\/www.riojawine.shop\/de\/wp-json\/wp\/v2\/media?parent=1004"}],"curies":[{"name":"wp","href":"https:\/\/api.w.org\/{rel}","templated":true}]}}