{"id":998,"date":"2017-03-22T18:02:26","date_gmt":"2017-03-22T17:02:26","guid":{"rendered":"https:\/\/www.riojawine.shop\/?page_id=1337"},"modified":"2017-03-22T18:02:26","modified_gmt":"2017-03-22T17:02:26","slug":"politica-de-privacidad","status":"publish","type":"page","link":"https:\/\/www.riojawine.shop\/de\/politica-de-privacidad\/","title":{"rendered":"Pol\u00edtica de privacidad"},"content":{"rendered":"<p><strong>RIOJA-TUR S.L.<\/strong>\u00a0informa que los datos de car\u00e1cter personal facilitados de forma voluntaria en este sitio web ser\u00e1n objeto de tratamiento automatizado e incorporados a los correspondientes ficheros.<\/p>\n<p>Los datos incorporados a nuestros ficheros son absolutamente confidenciales y ser\u00e1n tratados con la m\u00e1xima confidencialidad y cumpliendo todos los requisitos que obliga la <strong>Ley Org\u00e1nica 15\/1999, de 13 de diciembre, de Protecci\u00f3n de Datos Personales.<\/strong><\/p>\n<p>El usuario podr\u00e1 ejercer en cualquier momento su derecho de acceso, rectificaci\u00f3n, cancelaci\u00f3n y oposici\u00f3n con arreglo a lo previsto en la Ley Org\u00e1nica 15\/1999, de 13 de diciembre, de Protecci\u00f3n de Datos de Car\u00e1cter Personal, enviando una carta a RIOJA-TUR S.L. Carmen 15, N\u00e1jera 26300. La Rioja. Espa\u00f1a.<\/p>\n<p><strong>RIOJA-TUR S.L.<\/strong>\u00a0no vende, alquila ni pone a disposici\u00f3n de terceras personas los datos personales que usted proporcione.<\/p>\n<p>El usuario garantiza que los datos personales facilitados son veraces y se hace responsable de comunicar cualquier modificaci\u00f3n en los mismos.<\/p>\n<p>En el caso de que el usuario proporcione datos de car\u00e1cter personal referentes a terceros a trav\u00e9s de los distintos formularios del sitio web, el usuario deber\u00e1 con car\u00e1cter previo a su inclusi\u00f3n informarles de los extremos contenidos en el presente aviso legal.<\/p>\n<p>El usuario ser\u00e1 el \u00fanico responsable de cualquier da\u00f1o o perjuicio, directo o indirecto, que pudiera ocasionar al titular de este sitio web, o a cualquier tercero, a causa de la cumplimentaci\u00f3n de los formularios con datos falsos, inexactos, incompletos o no actualizados.<\/p>\n<p><strong>Informaci\u00f3n sobre cookies<\/strong><\/p>\n<p>La p\u00e1gina de entrada dispone de una cookie que permite a nuestro sistema recordar el idioma escogido por el usuario en su primera sesi\u00f3n. De esta manera se evita la selecci\u00f3n del idioma en las visitas sucesivas a la web. Esta cookie no es invasiva ni nociva y la \u00fanica funci\u00f3n que realiza es la de informar al sistema del idioma anteriormente escogido por el usuario. Si \u00e9ste lo desea, puede denegar toda cookie desde la opci\u00f3n de men\u00fa correspondiente de su propio navegador.<\/p>\n<p>Para cambiar el idioma de la cookie tan solo debe eliminarla y volver a escoger el idioma deseado al entrar en la web.<\/p>\n<p>&nbsp;<\/p>","protected":false},"excerpt":{"rendered":"<p>RIOJA-TUR S.L.\u00a0informa que los datos de car\u00e1cter personal facilitados de [&hellip;]<\/p>\n","protected":false},"author":1,"featured_media":0,"parent":0,"menu_order":1020,"comment_status":"closed","ping_status":"closed","template":"page-fullwidth.php","meta":{"_lmt_disableupdate":"","_lmt_disable":"","footnotes":""},"class_list":["post-998","page","type-page","status-publish","hentry"],"_links":{"self":[{"href":"https:\/\/www.riojawine.shop\/de\/wp-json\/wp\/v2\/pages\/998","targetHints":{"allow":["GET"]}}],"collection":[{"href":"https:\/\/www.riojawine.shop\/de\/wp-json\/wp\/v2\/pages"}],"about":[{"href":"https:\/\/www.riojawine.shop\/de\/wp-json\/wp\/v2\/types\/page"}],"author":[{"embeddable":true,"href":"https:\/\/www.riojawine.shop\/de\/wp-json\/wp\/v2\/users\/1"}],"replies":[{"embeddable":true,"href":"https:\/\/www.riojawine.shop\/de\/wp-json\/wp\/v2\/comments?post=998"}],"version-history":[{"count":0,"href":"https:\/\/www.riojawine.shop\/de\/wp-json\/wp\/v2\/pages\/998\/revisions"}],"wp:attachment":[{"href":"https:\/\/www.riojawine.shop\/de\/wp-json\/wp\/v2\/media?parent=998"}],"curies":[{"name":"wp","href":"https:\/\/api.w.org\/{rel}","templated":true}]}}