{"id":999,"date":"2017-03-22T18:02:41","date_gmt":"2017-03-22T17:02:41","guid":{"rendered":"https:\/\/www.riojawine.shop\/?page_id=1339"},"modified":"2017-03-22T18:02:41","modified_gmt":"2017-03-22T17:02:41","slug":"politica-de-cookies","status":"publish","type":"page","link":"https:\/\/www.riojawine.shop\/es\/politica-de-cookies\/","title":{"rendered":"Pol\u00edtica de cookies"},"content":{"rendered":"<h5>\u00bfQu\u00e9 son las cookies?<\/h5>\n<p>Una cookie es un peque\u00f1o archivo de texto que se instala en su terminal de ordenador (u otro dispositivo, como un tel\u00e9fono m\u00f3vil) a trav\u00e9s de los sitios web que usted visita.<\/p>\n<h5>\u00bfPara qu\u00e9 se utilizan las cookies?<\/h5>\n<p>Son ampliamente utilizados para conocer la actividad de los visitantes al sitio web, con el fin de mejorar el mismo a partir del almacenamiento y recuperaci\u00f3n de los datos de navegaci\u00f3n de los usuarios. Las cookies tambi\u00e9n se utilizan para proporcionar informaci\u00f3n sobre la navegaci\u00f3n de los usuarios a los propietarios de sitios web y sus colaboradores, con el fin de analizar el uso que realizan de la p\u00e1gina web, personalizar el contenido y proporcionar as\u00ed publicidad a medida.<\/p>\n<h5>Informaci\u00f3n importante sobre c\u00f3mo utilizamos las cookies:<\/h5>\n<p>Se utilizan las cookies a efectos estad\u00edsticos, funcionales y para mejorar nuestros servicios, a trav\u00e9s del an\u00e1lisis del uso que realizan los visitantes a nuestro sitio web. Las cookies hacen que sea m\u00e1s f\u00e1cil para el usuario conectarse, navegar y utilizar el sitio web en futuras visitas.<\/p>\n<h5>C\u00f3mo desactivar las cookies:<\/h5>\n<p>El uso de este sitio web sin la desactivaci\u00f3n de las cookies implica que consiente en la utilizaci\u00f3n de las cookies que aparecen en la tabla de abajo, para ser colocadas en su dispositivo. Puede desactivar estas cookies en cualquier momento, mediante el ajuste de la configuraci\u00f3n de su navegador. La funci\u00f3n de ayuda en su navegador le dir\u00e1 c\u00f3mo hacerlo. Sin embargo, la desactivaci\u00f3n de algunas cookies podr\u00eda afectar a la correcta navegaci\u00f3n a trav\u00e9s de nuestro sitio web.<\/p>\n<ul>\n<li>Internet Explorer&#x2122;: <a href=\"http:\/\/windows.microsoft.com\/es-es\/internet-explorer\/delete-manage-cookies#ie=ie-11\" target=\"_blank\" rel=\"noopener\">http:\/\/windows.microsoft.com\/es-es\/internet-explorer\/delete-manage-cookies#ie=ie-11<\/a><\/li>\n<li>Safari&#x2122;: <a href=\"https:\/\/support.apple.com\/kb\/PH19214?viewlocale=es_ES&amp;locale=en_US\" target=\"_blank\" rel=\"noopener\">https:\/\/support.apple.com\/kb\/PH19214?viewlocale=es_ES&amp;locale=en_US<\/a><\/li>\n<li>Chrome&#x2122;: <a href=\"https:\/\/support.google.com\/chrome\/answer\/95647?hl=es\" target=\"_blank\" rel=\"noopener\">https:\/\/support.google.com\/chrome\/answer\/95647?hl=es<\/a><\/li>\n<li>Firefox&#x2122;: <a href=\"https:\/\/support.mozilla.org\/es\/kb\/habilitar-y-deshabilitar-cookies-que-los-sitios-we\" target=\"_blank\" rel=\"noopener\">https:\/\/support.mozilla.org\/es\/kb\/habilitar-y-deshabilitar-cookies-que-los-sitios-we<\/a><\/li>\n<li>Opera&#x2122;: <a href=\"http:\/\/help.opera.com\/Windows\/11.50\/es-ES\/cookies.html\" target=\"_blank\" rel=\"noopener\">http:\/\/help.opera.com\/Windows\/11.50\/es-ES\/cookies.html<\/a><\/li>\n<li>Android: <a href=\"https:\/\/support.google.com\/android\/?hl=enPara\" target=\"_blank\" rel=\"noopener\">https:\/\/support.google.com\/android\/?hl=enPara<\/a><\/li>\n<li>Windows Phone: <a href=\"https:\/\/www.windowsphone.com\/es-ES\/legal\/wp8\/windows-phone-privacy-statement\" target=\"_blank\" rel=\"noopener\">https:\/\/www.windowsphone.com\/es-ES\/legal\/wp8\/windows-phone-privacy-statement<\/a><\/li>\n<li>Blackberry: <a href=\"http:\/\/help.blackberry.com\/es\/\" target=\"_blank\" rel=\"noopener\">http:\/\/help.blackberry.com\/es\/<\/a><\/li>\n<\/ul>\n<h5>Cookies<\/h5>\n<h5>Proveedor: Google Inc.<\/h5>\n<ul>\n<li>Servicio: Google Analytics<br \/>\n<h5>(__utma, __utmb, __utmc, __utmt, __utmz, _gat)<\/h5>\n<p>Recopila informaci\u00f3n an\u00f3nima sobre la navegaci\u00f3n de los usuarios por el sitio web con el fin de conocer el origen de las visitas y otros datos estad\u00edsticos similares.<\/p>\n<p><a href=\"http:\/\/www.google.com\/intl\/es\/analytics\/privacyoverview.html\" target=\"_blank\" rel=\"noopener\">Centro de privacidad de Google<\/a><\/p>\n<p><a href=\"http:\/\/tools.google.com\/dlpage\/gaoptout?hl=es\" target=\"_blank\" rel=\"noopener\">Complemento de inhabilitaci\u00f3n de Google Analytics<\/a><\/li>\n<\/ul>\n<ul>\n<li>Servicio: Google+<br \/>\n<h5>(APISID, HSID, GMAIL_RTT, SAPISID, LSID, RMME, NID, OTZ, PREF, SAPISID, SID, SSID, GALX, GAPS, LSOLH, GoogleAccountsLocale_session)<\/h5>\n<p>Permiten compartir contenido en la red social Google+.<\/p>\n<p><a href=\"http:\/\/www.google.com\/intl\/es\/policies\/technologies\/types\/\" target=\"_blank\" rel=\"noopener noreferrer\">P\u00e1gina de Cookies de Google<\/a><\/li>\n<\/ul>\n<h5>Proveedor: Facebook Inc.<\/h5>\n<ul>\n<li>Servicio: Social Network<br \/>\n<h5><span style=\"font-size: 1.17em;\">(datr, locale)<\/span><\/h5>\n<p>Permiten compartir contenido en la redes social Facebook.<\/p>\n<p><a href=\"http:\/\/www.facebook.com\/help\/cookies\" target=\"_blank\" rel=\"noopener noreferrer\">Cookies, p\u00edxeles y otras tecnolog\u00edas similares<\/a><\/p>\n<h5>Proveedor: Twitter Inc.<\/h5>\n<\/li>\n<\/ul>\n<ul>\n<li>Servicio: Social Network<br \/>\n<h5><span style=\"font-size: 1.17em;\">(_ga, guest_id, lang)<\/span><\/h5>\n<p>Permiten compartir contenido en la redes social Twitter.<\/p>\n<p><a href=\"https:\/\/twitter.com\/privacy\/\" target=\"_blank\" rel=\"noopener noreferrer\">Pol\u00edtica de Protecci\u00f3n de Datos de Twitter<\/a><\/li>\n<\/ul>\n<h5><\/h5>\n<h5><\/h5>\n<h5>Proveedor:\u00a0Polylang<\/h5>\n<ul>\n<li>Servicio: Traducciones<br \/>\n<h5>(<strong>pll_language<\/strong>)<\/h5>\n<p>Identifica el lenguaje del usuario.<\/li>\n<\/ul>\n<h5><\/h5>\n<h5><\/h5>\n<h5>Desarrollo general<\/h5>\n<ul>\n<li>Servicio: PHP<br \/>\n<h5>PHPSESSID<\/h5>\n<p>Identificaci\u00f3n (ID) de sesi\u00f3n para reconocer las consultas sucesivas que provengan del mismo navegador. Cookies de uso interno necesaria para el funcionamiento de la web. Los datos almacenados por estas cookies no identifica la gente ni recoge ning\u00fan dato personal.<\/p>\n<h5>pri_coo_acepta<\/h5>\n<p>Esta cookie se usa para recordar si el usuario confirm\u00f3 la pol\u00edtica de cookies. Cookies de uso interno necesaria para el funcionamiento de la web. Los datos almacenados por estas cookies no identifica la gente ni recoge ning\u00fan dato personal.<\/p>\n<h5>qtrans_cookie_test<\/h5>\n<p>Esta cookie se usa para la comprobaci\u00f3n del lenguaje predeterminado. Cookies de uso interno necesaria para el funcionamiento de la web. Los datos almacenados por estas cookies no identifica la gente ni recoge ning\u00fan dato personal.<\/p>\n<h5>language<\/h5>\n<p>Esta cookie se usa para recordar el idioma usado en la visualizaci\u00f3n de la p\u00e1gina. Cookies de uso interno necesaria para el funcionamiento de la web. Los datos almacenados por estas cookies no identifica la gente ni recoge ning\u00fan dato personal.<\/p>\n<h5>filtros<\/h5>\n<p>Esta cookie se usa para recordar los filtros seleccionados por el usuario. Cookies de uso interno necesaria para el funcionamiento de la web. Los datos almacenados por estas cookies no identifica la gente ni recoge ning\u00fan dato personal.<\/li>\n<\/ul>\n","protected":false},"excerpt":{"rendered":"<p>\u00bfQu\u00e9 son las cookies? Una cookie es un peque\u00f1o archivo [&hellip;]<\/p>\n","protected":false},"author":1,"featured_media":0,"parent":0,"menu_order":1010,"comment_status":"closed","ping_status":"closed","template":"page-fullwidth.php","meta":{"_lmt_disableupdate":"","_lmt_disable":"","footnotes":""},"class_list":["post-999","page","type-page","status-publish","hentry"],"_links":{"self":[{"href":"https:\/\/www.riojawine.shop\/es\/wp-json\/wp\/v2\/pages\/999","targetHints":{"allow":["GET"]}}],"collection":[{"href":"https:\/\/www.riojawine.shop\/es\/wp-json\/wp\/v2\/pages"}],"about":[{"href":"https:\/\/www.riojawine.shop\/es\/wp-json\/wp\/v2\/types\/page"}],"author":[{"embeddable":true,"href":"https:\/\/www.riojawine.shop\/es\/wp-json\/wp\/v2\/users\/1"}],"replies":[{"embeddable":true,"href":"https:\/\/www.riojawine.shop\/es\/wp-json\/wp\/v2\/comments?post=999"}],"version-history":[{"count":0,"href":"https:\/\/www.riojawine.shop\/es\/wp-json\/wp\/v2\/pages\/999\/revisions"}],"wp:attachment":[{"href":"https:\/\/www.riojawine.shop\/es\/wp-json\/wp\/v2\/media?parent=999"}],"curies":[{"name":"wp","href":"https:\/\/api.w.org\/{rel}","templated":true}]}}